{"id":2882,"date":"2023-04-03T10:02:17","date_gmt":"2023-04-03T10:02:17","guid":{"rendered":"https:\/\/marmaradent.com.tr\/en\/?page_id=2882"},"modified":"2023-06-04T11:57:17","modified_gmt":"2023-06-04T11:57:17","slug":"iletisim","status":"publish","type":"page","link":"https:\/\/marmaradent.com.tr\/en\/iletisim\/","title":{"rendered":"Contact Us"},"content":{"rendered":"<style>.elementor-2882 .elementor-element.elementor-element-191973f5:not(.elementor-motion-effects-element-type-background), .elementor-2882 .elementor-element.elementor-element-191973f5 > .elementor-motion-effects-container > .elementor-motion-effects-layer{background-image:url(\"https:\/\/mlnrad24tce1.i.optimole.com\/w:auto\/h:auto\/q:mauto\/f:best\/https:\/\/marmaradent.com.tr\/en\/wp-content\/uploads\/2023\/06\/kn_kvidcha0.jpg\");background-position:center right;background-repeat:no-repeat;background-size:cover;}.elementor-2882 .elementor-element.elementor-element-191973f5 > .elementor-background-overlay{background-color:#1b1f29;opacity:0.48;mix-blend-mode:multiply;transition:background 0.3s, border-radius 0.3s, opacity 0.3s;}.elementor-2882 .elementor-element.elementor-element-191973f5{transition:background 0.3s, border 0.3s, border-radius 0.3s, box-shadow 0.3s;padding:125px 40px 75px 40px;}.elementor-2882 .elementor-element.elementor-element-1eb0348d > .elementor-widget-wrap > .elementor-widget:not(.elementor-widget__width-auto):not(.elementor-widget__width-initial):not(:last-child):not(.elementor-absolute){margin-block-end:24px;}.elementor-2882 .elementor-element.elementor-element-1eb0348d > .elementor-element-populated{margin:0% 25% 0% 0%;--e-column-margin-right:25%;--e-column-margin-left:0%;}.elementor-2882 .elementor-element.elementor-element-636c136{--spacer-size:234px;}.elementor-2882 .elementor-element.elementor-element-6fa2b2d5 .elementor-heading-title{text-transform:uppercase;letter-spacing:5.7px;color:#FFFFFF;}.elementor-2882 .elementor-element.elementor-element-6fa2b2d5 > .elementor-widget-container{padding:0px 0px 24px 0px;}.elementor-2882 .elementor-element.elementor-element-4e60e7a8 .elementor-heading-title{font-family:\"Catamaran\", Sans-serif;letter-spacing:-1px;color:#FFFFFF;}.elementor-2882 .elementor-element.elementor-element-7ce1d41c{margin-top:27px;margin-bottom:27px;}.elementor-2882 .elementor-element.elementor-element-613248e7{text-align:start;}.elementor-2882 .elementor-element.elementor-element-613248e7 .elementor-heading-title{font-family:\"Catamaran\", Sans-serif;font-size:42px;font-weight:900;color:#000000;}.elementor-2882 .elementor-element.elementor-element-6802cf71{--grid-template-columns:repeat(0, auto);--icon-size:31px;--grid-column-gap:5px;--grid-row-gap:0px;}.elementor-2882 .elementor-element.elementor-element-6802cf71 .elementor-widget-container{text-align:center;}.elementor-2882 .elementor-element.elementor-element-6ce0ddf8{--spacer-size:60px;}.elementor-2882 .elementor-element.elementor-element-9dc01b0{font-family:\"Catamaran\", Sans-serif;font-size:19px;font-weight:300;line-height:1.8em;color:#151313;}.elementor-2882 .elementor-element.elementor-element-02d4b16{font-family:\"Catamaran\", Sans-serif;font-size:19px;font-weight:300;line-height:1.8em;color:#151313;}.elementor-2882 .elementor-element.elementor-element-e32160d{font-family:\"Catamaran\", Sans-serif;font-size:19px;font-weight:300;line-height:1.8em;color:#151313;}@media(max-width:1024px){.elementor-2882 .elementor-element.elementor-element-191973f5{padding:128px 40px 64px 40px;}.elementor-2882 .elementor-element.elementor-element-1eb0348d > .elementor-element-populated{margin:0% 40% 0% 0%;--e-column-margin-right:40%;--e-column-margin-left:0%;}.elementor-2882 .elementor-element.elementor-element-6fa2b2d5 > .elementor-widget-container{padding:0px 0px 0px 0px;}.elementor-2882 .elementor-element.elementor-element-613248e7 .elementor-heading-title{font-size:45px;}.elementor-2882 .elementor-element.elementor-element-6802cf71{--icon-size:16px;}}@media(max-width:767px){.elementor-2882 .elementor-element.elementor-element-191973f5:not(.elementor-motion-effects-element-type-background), .elementor-2882 .elementor-element.elementor-element-191973f5 > .elementor-motion-effects-container > .elementor-motion-effects-layer{background-position:-32vw 0px;}.elementor-2882 .elementor-element.elementor-element-191973f5{padding:128px 24px 78px 24px;}.elementor-2882 .elementor-element.elementor-element-1eb0348d > .elementor-element-populated{margin:0px 0px 0px 0px;--e-column-margin-right:0px;--e-column-margin-left:0px;}.elementor-2882 .elementor-element.elementor-element-4e60e7a8 > .elementor-widget-container{margin:0px 0px 0px 0px;padding:0px 0px 0px 0px;}.elementor-2882 .elementor-element.elementor-element-6ce0ddf8{--spacer-size:10px;}}<\/style>\t\t<div data-elementor-type=\"wp-page\" data-elementor-id=\"2882\" class=\"elementor elementor-2882\" data-elementor-settings=\"{&quot;ha_cmc_init_switcher&quot;:&quot;no&quot;}\">\n\t\t\t\t\t\t<section class=\"elementor-section elementor-top-section elementor-element elementor-element-191973f5 elementor-section-boxed elementor-section-height-default elementor-section-height-default\" data-id=\"191973f5\" data-element_type=\"section\" data-e-type=\"section\" data-settings=\"{&quot;background_background&quot;:&quot;classic&quot;,&quot;_ha_eqh_enable&quot;:false}\">\n\t\t\t\t\t\t\t<div class=\"elementor-background-overlay\"><\/div>\n\t\t\t\t\t\t\t<div class=\"elementor-container elementor-column-gap-no\">\n\t\t\t\t\t<div class=\"elementor-column elementor-col-100 elementor-top-column elementor-element elementor-element-1eb0348d\" data-id=\"1eb0348d\" data-element_type=\"column\" data-e-type=\"column\">\n\t\t\t<div class=\"elementor-widget-wrap elementor-element-populated\">\n\t\t\t\t\t\t<div class=\"elementor-element elementor-element-636c136 elementor-widget elementor-widget-spacer\" data-id=\"636c136\" data-element_type=\"widget\" data-e-type=\"widget\" data-widget_type=\"spacer.default\">\n\t\t\t\t<div class=\"elementor-widget-container\">\n\t\t\t\t\t\t\t<div class=\"elementor-spacer\">\n\t\t\t<div class=\"elementor-spacer-inner\"><\/div>\n\t\t<\/div>\n\t\t\t\t\t\t<\/div>\n\t\t\t\t<\/div>\n\t\t\t\t<div class=\"elementor-element elementor-element-6fa2b2d5 elementor-widget elementor-widget-heading\" data-id=\"6fa2b2d5\" data-element_type=\"widget\" data-e-type=\"widget\" data-widget_type=\"heading.default\">\n\t\t\t\t<div class=\"elementor-widget-container\">\n\t\t\t\t\t<h6 class=\"elementor-heading-title elementor-size-default\">ileti\u015fim<\/h6>\t\t\t\t<\/div>\n\t\t\t\t<\/div>\n\t\t\t\t<div class=\"elementor-element elementor-element-4e60e7a8 elementor-widget elementor-widget-heading\" data-id=\"4e60e7a8\" data-element_type=\"widget\" data-e-type=\"widget\" data-widget_type=\"heading.default\">\n\t\t\t\t<div class=\"elementor-widget-container\">\n\t\t\t\t\t<h1 class=\"elementor-heading-title elementor-size-default\">Contact Us<\/h1>\t\t\t\t<\/div>\n\t\t\t\t<\/div>\n\t\t\t\t\t<\/div>\n\t\t<\/div>\n\t\t\t\t\t<\/div>\n\t\t<\/section>\n\t\t\t\t<section class=\"elementor-section elementor-top-section elementor-element elementor-element-7ce1d41c elementor-section-boxed elementor-section-height-default elementor-section-height-default\" data-id=\"7ce1d41c\" data-element_type=\"section\" data-e-type=\"section\" data-settings=\"{&quot;_ha_eqh_enable&quot;:false}\">\n\t\t\t\t\t\t<div class=\"elementor-container elementor-column-gap-default\">\n\t\t\t\t\t<div class=\"elementor-column elementor-col-100 elementor-top-column elementor-element elementor-element-2907dab8\" data-id=\"2907dab8\" data-element_type=\"column\" data-e-type=\"column\">\n\t\t\t<div class=\"elementor-widget-wrap elementor-element-populated\">\n\t\t\t\t\t\t<div class=\"elementor-element elementor-element-613248e7 elementor-widget elementor-widget-heading\" data-id=\"613248e7\" data-element_type=\"widget\" data-e-type=\"widget\" data-widget_type=\"heading.default\">\n\t\t\t\t<div class=\"elementor-widget-container\">\n\t\t\t\t\t<h4 class=\"elementor-heading-title elementor-size-default\">Marmara Dent Yalova<\/h4>\t\t\t\t<\/div>\n\t\t\t\t<\/div>\n\t\t\t\t<div class=\"elementor-element elementor-element-bfcbd84 elementor-widget elementor-widget-google_maps\" data-id=\"bfcbd84\" data-element_type=\"widget\" data-e-type=\"widget\" data-widget_type=\"google_maps.default\">\n\t\t\t\t<div class=\"elementor-widget-container\">\n\t\t\t\t\t\t\t<div class=\"elementor-custom-embed\">\n\t\t\t<iframe loading=\"lazy\"\n\t\t\t\t\tsrc=\"https:\/\/maps.google.com\/maps?q=%C3%96zel%20Marmara%20Adnan%20Menderes%20Mah%2C%20%C5%9Eht.Ya%C5%9Far%20Ku%C5%9F%20Cd.%20No%3A%2034%2FA%20&#038;t=m&#038;z=10&#038;output=embed&#038;iwloc=near\"\n\t\t\t\t\ttitle=\"\u00d6zel Marmara Adnan Menderes Mah, \u015eht.Ya\u015far Ku\u015f Cd. No: 34\/A \"\n\t\t\t\t\taria-label=\"\u00d6zel Marmara Adnan Menderes Mah, \u015eht.Ya\u015far Ku\u015f Cd. No: 34\/A \"\n\t\t\t><\/iframe>\n\t\t<\/div>\n\t\t\t\t\t\t<\/div>\n\t\t\t\t<\/div>\n\t\t\t\t<div class=\"elementor-element elementor-element-6802cf71 elementor-shape-square elementor-grid-0 e-grid-align-center elementor-widget elementor-widget-social-icons\" data-id=\"6802cf71\" data-element_type=\"widget\" data-e-type=\"widget\" data-widget_type=\"social-icons.default\">\n\t\t\t\t<div class=\"elementor-widget-container\">\n\t\t\t\t\t\t\t<div class=\"elementor-social-icons-wrapper elementor-grid\" role=\"list\">\n\t\t\t\t\t\t\t<span class=\"elementor-grid-item\" role=\"listitem\">\n\t\t\t\t\t<a class=\"elementor-icon elementor-social-icon elementor-social-icon-instagram elementor-animation-grow elementor-repeater-item-8a28a95\" href=\"https:\/\/www.instagram.com\/ozelmarmaradent\/\" target=\"_blank\">\n\t\t\t\t\t\t<span class=\"elementor-screen-only\">Instagram<\/span>\n\t\t\t\t\t\t<i aria-hidden=\"true\" class=\"fab fa-instagram\"><\/i>\t\t\t\t\t<\/a>\n\t\t\t\t<\/span>\n\t\t\t\t\t\t\t<span class=\"elementor-grid-item\" role=\"listitem\">\n\t\t\t\t\t<a class=\"elementor-icon elementor-social-icon elementor-social-icon-facebook-f elementor-animation-grow elementor-repeater-item-2d0da0c\" href=\"https:\/\/m.facebook.com\/p\/%C3%96zel-marmara-a%C4%9F%C4%B1z-ve-di%C5%9F-sa%C4%9Fl%C4%B1%C4%9F%C4%B1-poliklini%C4%9Fi-100075840882119\/\" target=\"_blank\">\n\t\t\t\t\t\t<span class=\"elementor-screen-only\">Facebook-f<\/span>\n\t\t\t\t\t\t<i aria-hidden=\"true\" class=\"fab fa-facebook-f\"><\/i>\t\t\t\t\t<\/a>\n\t\t\t\t<\/span>\n\t\t\t\t\t\t\t<span class=\"elementor-grid-item\" role=\"listitem\">\n\t\t\t\t\t<a class=\"elementor-icon elementor-social-icon elementor-social-icon-mail-bulk elementor-animation-grow elementor-repeater-item-914746e\" href=\"mailto:ozelmarmarapoliklinik@gmail.com\" target=\"_blank\">\n\t\t\t\t\t\t<span class=\"elementor-screen-only\">Mail-bulk<\/span>\n\t\t\t\t\t\t<i aria-hidden=\"true\" class=\"fas fa-mail-bulk\"><\/i>\t\t\t\t\t<\/a>\n\t\t\t\t<\/span>\n\t\t\t\t\t<\/div>\n\t\t\t\t\t\t<\/div>\n\t\t\t\t<\/div>\n\t\t\t\t<div class=\"elementor-element elementor-element-6ce0ddf8 elementor-widget elementor-widget-spacer\" data-id=\"6ce0ddf8\" data-element_type=\"widget\" data-e-type=\"widget\" data-widget_type=\"spacer.default\">\n\t\t\t\t<div class=\"elementor-widget-container\">\n\t\t\t\t\t\t\t<div class=\"elementor-spacer\">\n\t\t\t<div class=\"elementor-spacer-inner\"><\/div>\n\t\t<\/div>\n\t\t\t\t\t\t<\/div>\n\t\t\t\t<\/div>\n\t\t\t\t\t<\/div>\n\t\t<\/div>\n\t\t\t\t\t<\/div>\n\t\t<\/section>\n\t\t\t\t<section class=\"elementor-section elementor-top-section elementor-element elementor-element-43a6bac elementor-section-boxed elementor-section-height-default elementor-section-height-default\" data-id=\"43a6bac\" data-element_type=\"section\" data-e-type=\"section\" data-settings=\"{&quot;_ha_eqh_enable&quot;:false}\">\n\t\t\t\t\t\t<div class=\"elementor-container elementor-column-gap-default\">\n\t\t\t\t\t<div class=\"elementor-column elementor-col-33 elementor-top-column elementor-element elementor-element-e3ab683\" data-id=\"e3ab683\" data-element_type=\"column\" data-e-type=\"column\">\n\t\t\t<div class=\"elementor-widget-wrap elementor-element-populated\">\n\t\t\t\t\t\t<div class=\"elementor-element elementor-element-9dc01b0 elementor-widget elementor-widget-text-editor\" data-id=\"9dc01b0\" data-element_type=\"widget\" data-e-type=\"widget\" data-widget_type=\"text-editor.default\">\n\t\t\t\t<div class=\"elementor-widget-container\">\n\t\t\t\t\t\t\t\t\t<p class=\"_04xlpA direction-ltr align-center para-style-body\"><strong><span class=\"WdYUQQ\">Yalova Toki Klini\u011fimiz<\/span><\/strong><\/p><p class=\"_04xlpA direction-ltr align-center para-style-body\"><span class=\"WdYUQQ\">Adnan Menderes Mah \u015eehit Ya\u015far Ku\u015f Caddesi No 34\/A Merkez Yalova Turkey<\/span><\/p><p class=\"_04xlpA direction-ltr align-center para-style-body\"><span class=\"WdYUQQ\"><strong>Tel : 0 226 812 7756\u00a0<\/strong><br \/><strong>GSM:\u00a0 0535 055 5313<\/strong><\/span><\/p>\t\t\t\t\t\t\t\t<\/div>\n\t\t\t\t<\/div>\n\t\t\t\t\t<\/div>\n\t\t<\/div>\n\t\t\t\t<div class=\"elementor-column elementor-col-33 elementor-top-column elementor-element elementor-element-a243a76\" data-id=\"a243a76\" data-element_type=\"column\" data-e-type=\"column\">\n\t\t\t<div class=\"elementor-widget-wrap elementor-element-populated\">\n\t\t\t\t\t\t<div class=\"elementor-element elementor-element-02d4b16 elementor-widget elementor-widget-text-editor\" data-id=\"02d4b16\" data-element_type=\"widget\" data-e-type=\"widget\" data-widget_type=\"text-editor.default\">\n\t\t\t\t<div class=\"elementor-widget-container\">\n\t\t\t\t\t\t\t\t\t<p class=\"_04xlpA direction-ltr align-center para-style-body\"><strong><span class=\"WdYUQQ\">\u00c7iftlikk\u00f6y Klini\u011fimiz<\/span><\/strong><\/p><p>Mehmet Akif Ersoy Mah \u0130zmit Karayolu Cd. No: 38\/1<br \/>\u00c7iftlikk\u00f6y \/ Yalova Turkey<\/p><p><strong>Tel : 0 226 352 0277<\/strong><br \/><strong>GSM:\u00a0 0551 280 0277<\/strong><\/p>\t\t\t\t\t\t\t\t<\/div>\n\t\t\t\t<\/div>\n\t\t\t\t\t<\/div>\n\t\t<\/div>\n\t\t\t\t<div class=\"elementor-column elementor-col-33 elementor-top-column elementor-element elementor-element-b08abf3\" data-id=\"b08abf3\" data-element_type=\"column\" data-e-type=\"column\">\n\t\t\t<div class=\"elementor-widget-wrap elementor-element-populated\">\n\t\t\t\t\t\t<div class=\"elementor-element elementor-element-e32160d elementor-widget elementor-widget-text-editor\" data-id=\"e32160d\" data-element_type=\"widget\" data-e-type=\"widget\" data-widget_type=\"text-editor.default\">\n\t\t\t\t<div class=\"elementor-widget-container\">\n\t\t\t\t\t\t\t\t\t<p class=\"_04xlpA direction-ltr align-center para-style-body\"><strong><span class=\"WdYUQQ\">\u00c7\u0131narc\u0131k Klini\u011fimiz<\/span><\/strong><\/p><p>Ta\u015fliman Mah <br \/>Ahmet Sug\u00fcn Cad. No 12\/A<br \/>\u00c7\u0131narc\u0131k \/ Yalova Turkey<\/p><p><strong>Tel : 0 226 504 1500<\/strong><br \/><strong>GSM: 0 551 280 0277<\/strong><\/p>\t\t\t\t\t\t\t\t<\/div>\n\t\t\t\t<\/div>\n\t\t\t\t\t<\/div>\n\t\t<\/div>\n\t\t\t\t\t<\/div>\n\t\t<\/section>\n\t\t\t\t<\/div>\n\t\t","protected":false},"excerpt":{"rendered":"<p>ileti\u015fim Contact Us Marmara Dent Yalova Instagram Facebook-f Mail-bulk Yalova Toki Klini\u011fimiz Adnan Menderes Mah \u015eehit Ya\u015far Ku\u015f Caddesi No 34\/A Merkez Yalova Turkey Tel : 0 226 812 7756\u00a0GSM:\u00a0 0535 055 5313 \u00c7iftlikk\u00f6y Klini\u011fimiz Mehmet Akif Ersoy Mah \u0130zmit Karayolu Cd. No: 38\/1\u00c7iftlikk\u00f6y \/ Yalova Turkey Tel : 0 226 352 0277GSM:\u00a0 0551 280 [&hellip;]<\/p>\n","protected":false},"author":1,"featured_media":0,"parent":0,"menu_order":0,"comment_status":"closed","ping_status":"closed","template":"","meta":{"nf_dc_page":"","om_disable_all_campaigns":false,"site-sidebar-layout":"no-sidebar","site-content-layout":"page-builder","ast-site-content-layout":"default","site-content-style":"default","site-sidebar-style":"default","ast-global-header-display":"","ast-banner-title-visibility":"","ast-main-header-display":"","ast-hfb-above-header-display":"","ast-hfb-below-header-display":"","ast-hfb-mobile-header-display":"","site-post-title":"disabled","ast-breadcrumbs-content":"","ast-featured-img":"disabled","footer-sml-layout":"","ast-disable-related-posts":"","theme-transparent-header-meta":"","adv-header-id-meta":"","stick-header-meta":"","header-above-stick-meta":"","header-main-stick-meta":"","header-below-stick-meta":"","astra-migrate-meta-layouts":"default","ast-page-background-enabled":"default","ast-page-background-meta":{"desktop":{"background-color":"","background-image":"","background-repeat":"repeat","background-position":"center center","background-size":"auto","background-attachment":"scroll","background-type":"","background-media":"","overlay-type":"","overlay-color":"","overlay-opacity":"","overlay-gradient":""},"tablet":{"background-color":"","background-image":"","background-repeat":"repeat","background-position":"center center","background-size":"auto","background-attachment":"scroll","background-type":"","background-media":"","overlay-type":"","overlay-color":"","overlay-opacity":"","overlay-gradient":""},"mobile":{"background-color":"","background-image":"","background-repeat":"repeat","background-position":"center center","background-size":"auto","background-attachment":"scroll","background-type":"","background-media":"","overlay-type":"","overlay-color":"","overlay-opacity":"","overlay-gradient":""}},"ast-content-background-meta":{"desktop":{"background-color":"var(--ast-global-color-5)","background-image":"","background-repeat":"repeat","background-position":"center center","background-size":"auto","background-attachment":"scroll","background-type":"","background-media":"","overlay-type":"","overlay-color":"","overlay-opacity":"","overlay-gradient":""},"tablet":{"background-color":"var(--ast-global-color-5)","background-image":"","background-repeat":"repeat","background-position":"center center","background-size":"auto","background-attachment":"scroll","background-type":"","background-media":"","overlay-type":"","overlay-color":"","overlay-opacity":"","overlay-gradient":""},"mobile":{"background-color":"var(--ast-global-color-5)","background-image":"","background-repeat":"repeat","background-position":"center center","background-size":"auto","background-attachment":"scroll","background-type":"","background-media":"","overlay-type":"","overlay-color":"","overlay-opacity":"","overlay-gradient":""}},"_themeisle_gutenberg_block_has_review":false,"footnotes":""},"class_list":["post-2882","page","type-page","status-publish","hentry"],"aioseo_notices":[],"_links":{"self":[{"href":"https:\/\/marmaradent.com.tr\/en\/wp-json\/wp\/v2\/pages\/2882","targetHints":{"allow":["GET"]}}],"collection":[{"href":"https:\/\/marmaradent.com.tr\/en\/wp-json\/wp\/v2\/pages"}],"about":[{"href":"https:\/\/marmaradent.com.tr\/en\/wp-json\/wp\/v2\/types\/page"}],"author":[{"embeddable":true,"href":"https:\/\/marmaradent.com.tr\/en\/wp-json\/wp\/v2\/users\/1"}],"replies":[{"embeddable":true,"href":"https:\/\/marmaradent.com.tr\/en\/wp-json\/wp\/v2\/comments?post=2882"}],"version-history":[{"count":5,"href":"https:\/\/marmaradent.com.tr\/en\/wp-json\/wp\/v2\/pages\/2882\/revisions"}],"predecessor-version":[{"id":3833,"href":"https:\/\/marmaradent.com.tr\/en\/wp-json\/wp\/v2\/pages\/2882\/revisions\/3833"}],"wp:attachment":[{"href":"https:\/\/marmaradent.com.tr\/en\/wp-json\/wp\/v2\/media?parent=2882"}],"curies":[{"name":"wp","href":"https:\/\/api.w.org\/{rel}","templated":true}]}}